{"id":295,"date":"2024-03-18T14:33:13","date_gmt":"2024-03-18T14:33:13","guid":{"rendered":"https:\/\/dairoma.lt\/?post_type=product&#038;p=295"},"modified":"2025-09-22T17:12:29","modified_gmt":"2025-09-22T16:12:29","slug":"isorine-juosta-folienband-ec-outside-uv-total-200mm-x-25m","status":"publish","type":"product","link":"https:\/\/dairoma.lt\/?product=isorine-juosta-folienband-ec-outside-uv-total-200mm-x-25m","title":{"rendered":"I\u0161orin\u0117 juosta &#8211; Folienband EC Outside UV+ Total"},"content":{"rendered":"<p>Laidi garams, elast\u0161ka ir tampri PE juosta, neaustin\u0117 polipropileno med\u017eiaga \u2013 u\u017etikrina vandens gar\u0173 difuzij\u0105 lango i\u0161orin\u0117je dalyje ir apsaugo nuo vandens ir v\u0117jo. Vidin\u0117 juostos pus\u0117 yra pilnai padengta klijais, puikiai sukimban\u010diais su dauguma statybini\u0173 med\u017eiag\u0173. Juosta priglunda visu pavir\u0161iumi ir po ja nelieka oro tarp\u0173 \u2013 patogiau tinkuoti. Klij\u0173 vietoje juosta armuota tinkleliu. Juostos klijavimui prie lango r\u0117mo patogumui yra lipni juostel\u0117 ir kitoje juostos pus\u0117je. Padidintas atsparumas UV spinduliams.<\/p>\n<p>Kaina nurodyta su PVM.<\/p>\n<p>&nbsp;<\/p>\n","protected":false},"excerpt":{"rendered":"<p>Laidi garams, elast\u0161ka ir tampri PE juosta, neaustin\u0117 polipropileno med\u017eiaga \u2013 u\u017etikrina vandens gar\u0173 difuzij\u0105 lango i\u0161orin\u0117je dalyje ir apsaugo nuo vandens ir v\u0117jo. Vidin\u0117 juostos pus\u0117 yra pilnai padengta klijais, puikiai sukimban\u010diais su dauguma statybini\u0173 med\u017eiag\u0173. Juosta priglunda visu pavir\u0161iumi ir po ja nelieka oro tarp\u0173 \u2013 patogiau tinkuoti. Klij\u0173 vietoje juosta armuota tinkleliu. [&hellip;]<\/p>\n","protected":false},"featured_media":292,"comment_status":"open","ping_status":"closed","template":"","meta":{"saved_in_kubio":false,"_kadence_starter_templates_imported_post":false},"product_brand":[],"product_cat":[23],"product_tag":[22],"class_list":{"0":"post-295","1":"product","2":"type-product","3":"status-publish","4":"has-post-thumbnail","6":"product_cat-laukines-juostos","7":"product_tag-juosta","9":"first","10":"instock","11":"taxable","12":"shipping-taxable","13":"purchasable","14":"product-type-variable","15":"has-default-attributes"},"_links":{"self":[{"href":"https:\/\/dairoma.lt\/index.php?rest_route=\/wp\/v2\/product\/295","targetHints":{"allow":["GET"]}}],"collection":[{"href":"https:\/\/dairoma.lt\/index.php?rest_route=\/wp\/v2\/product"}],"about":[{"href":"https:\/\/dairoma.lt\/index.php?rest_route=\/wp\/v2\/types\/product"}],"replies":[{"embeddable":true,"href":"https:\/\/dairoma.lt\/index.php?rest_route=%2Fwp%2Fv2%2Fcomments&post=295"}],"wp:featuredmedia":[{"embeddable":true,"href":"https:\/\/dairoma.lt\/index.php?rest_route=\/wp\/v2\/media\/292"}],"wp:attachment":[{"href":"https:\/\/dairoma.lt\/index.php?rest_route=%2Fwp%2Fv2%2Fmedia&parent=295"}],"wp:term":[{"taxonomy":"product_brand","embeddable":true,"href":"https:\/\/dairoma.lt\/index.php?rest_route=%2Fwp%2Fv2%2Fproduct_brand&post=295"},{"taxonomy":"product_cat","embeddable":true,"href":"https:\/\/dairoma.lt\/index.php?rest_route=%2Fwp%2Fv2%2Fproduct_cat&post=295"},{"taxonomy":"product_tag","embeddable":true,"href":"https:\/\/dairoma.lt\/index.php?rest_route=%2Fwp%2Fv2%2Fproduct_tag&post=295"}],"curies":[{"name":"wp","href":"https:\/\/api.w.org\/{rel}","templated":true}]}}