{"id":290,"date":"2024-03-18T14:16:21","date_gmt":"2024-03-18T14:16:21","guid":{"rendered":"https:\/\/dairoma.lt\/?post_type=product&#038;p=290"},"modified":"2025-09-22T17:22:49","modified_gmt":"2025-09-22T16:22:49","slug":"vidine-juosta-folienband-ec-inside-alu-total-70mm-x-25m","status":"publish","type":"product","link":"https:\/\/dairoma.lt\/?product=vidine-juosta-folienband-ec-inside-alu-total-70mm-x-25m","title":{"rendered":"Vidin\u0117 juosta &#8211; Folienband EC Inside Alu Total"},"content":{"rendered":"<p>Garoizoliacin\u0117, elasti\u0161ka ir tampri PE juosta su aliuminiu, neaustin\u0117 polipropileno med\u017eiaga \u2013 izoliuoja lango jungt\u012f tarp r\u0117mo ir angokra\u0161\u010dio nuo oro ir vandens gar\u0173 patekimo. Vidin\u0117 juostos pus\u0117 yra pilnai padengta klijais, puikiai sukimban\u010diais su dauguma statybini\u0173 med\u017eiag\u0173. Juosta priglunda visu pavir\u0161iumi ir po ja nelieka oro tarp\u0173 \u2013 patogiau tinkuoti. Klij\u0173 vietoje juosta armuota tinkleliu. Juostos klijavimui prie lango r\u0117mo patogumui yra lipni juostel\u0117 ir kitoje juostos pus\u0117je.<\/p>\n<p>Kaina nurodyta su PVM.<\/p>\n<p>&nbsp;<\/p>\n","protected":false},"excerpt":{"rendered":"<p>Garoizoliacin\u0117, elasti\u0161ka ir tampri PE juosta su aliuminiu, neaustin\u0117 polipropileno med\u017eiaga \u2013 izoliuoja lango jungt\u012f tarp r\u0117mo ir angokra\u0161\u010dio nuo oro ir vandens gar\u0173 patekimo. Vidin\u0117 juostos pus\u0117 yra pilnai padengta klijais, puikiai sukimban\u010diais su dauguma statybini\u0173 med\u017eiag\u0173. Juosta priglunda visu pavir\u0161iumi ir po ja nelieka oro tarp\u0173 \u2013 patogiau tinkuoti. Klij\u0173 vietoje juosta armuota [&hellip;]<\/p>\n","protected":false},"featured_media":284,"comment_status":"open","ping_status":"closed","template":"","meta":{"saved_in_kubio":false,"_kadence_starter_templates_imported_post":false},"product_brand":[],"product_cat":[21],"product_tag":[22],"class_list":{"0":"post-290","1":"product","2":"type-product","3":"status-publish","4":"has-post-thumbnail","6":"product_cat-sandarinimo-juostos","7":"product_tag-juosta","9":"first","10":"instock","11":"taxable","12":"shipping-taxable","13":"purchasable","14":"product-type-variable"},"_links":{"self":[{"href":"https:\/\/dairoma.lt\/index.php?rest_route=\/wp\/v2\/product\/290","targetHints":{"allow":["GET"]}}],"collection":[{"href":"https:\/\/dairoma.lt\/index.php?rest_route=\/wp\/v2\/product"}],"about":[{"href":"https:\/\/dairoma.lt\/index.php?rest_route=\/wp\/v2\/types\/product"}],"replies":[{"embeddable":true,"href":"https:\/\/dairoma.lt\/index.php?rest_route=%2Fwp%2Fv2%2Fcomments&post=290"}],"wp:featuredmedia":[{"embeddable":true,"href":"https:\/\/dairoma.lt\/index.php?rest_route=\/wp\/v2\/media\/284"}],"wp:attachment":[{"href":"https:\/\/dairoma.lt\/index.php?rest_route=%2Fwp%2Fv2%2Fmedia&parent=290"}],"wp:term":[{"taxonomy":"product_brand","embeddable":true,"href":"https:\/\/dairoma.lt\/index.php?rest_route=%2Fwp%2Fv2%2Fproduct_brand&post=290"},{"taxonomy":"product_cat","embeddable":true,"href":"https:\/\/dairoma.lt\/index.php?rest_route=%2Fwp%2Fv2%2Fproduct_cat&post=290"},{"taxonomy":"product_tag","embeddable":true,"href":"https:\/\/dairoma.lt\/index.php?rest_route=%2Fwp%2Fv2%2Fproduct_tag&post=290"}],"curies":[{"name":"wp","href":"https:\/\/api.w.org\/{rel}","templated":true}]}}